{"id":6091,"date":"2021-03-27T18:18:03","date_gmt":"2021-03-27T18:18:03","guid":{"rendered":"https:\/\/elpapiro.cl\/tienda\/?post_type=product&#038;p=6091"},"modified":"2022-04-22T10:43:22","modified_gmt":"2022-04-22T14:43:22","slug":"tazones-personalizados","status":"publish","type":"product","link":"https:\/\/elpapiro.cl\/tienda\/product\/tazones-personalizados\/","title":{"rendered":"Tazones Personalizados"},"content":{"rendered":"<p>Nuestros tazones tiene la superficie extra Lisa, libre de porosidad, extra blanco, permite tener excelentes resultados en la personalizaci\u00f3n del producto.<br \/>\nEl Taz\u00f3n Premium para sublimaci\u00f3n ha sido fabricado con los m\u00e1s altos est\u00e1ndares de calidad y recubierto con el mejor pol\u00edmero del mercado, el cual permite la m\u00e1s alta durabilidad de sus im\u00e1genes impresas.<\/p>\n<p>Lo m\u00e1s importante del taz\u00f3n es el dise\u00f1o personalizado que el cliente desea.<\/p>\n","protected":false},"excerpt":{"rendered":"<p>Superficie Extra Lisa, libre de porosidad, Extra blanco, permite tener excelentes resultados en la personalizaci\u00f3n del producto El Taz\u00f3n Premium para sublimaci\u00f3n ha sido fabricado con los m\u00e1s altos est\u00e1ndares de calidad y recubierto con el mejor pol\u00edmero del mercado, el cual permite la m\u00e1s alta durabilidad de sus im\u00e1genes impresas.<\/p>\n","protected":false},"featured_media":6122,"template":"","meta":{"neve_meta_sidebar":"","neve_meta_container":"","neve_meta_enable_content_width":"off","neve_meta_content_width":100,"neve_meta_title_alignment":"","neve_meta_author_avatar":"","neve_post_elements_order":"","neve_meta_disable_header":"","neve_meta_disable_footer":"","neve_meta_disable_title":""},"product_brand":[],"product_cat":[181],"product_tag":[170,171,172,173,174],"class_list":{"0":"post-6091","1":"product","2":"type-product","3":"status-publish","4":"has-post-thumbnail","6":"product_cat-merchandising","7":"product_tag-cafe","8":"product_tag-merchandising","9":"product_tag-regalo","10":"product_tag-taza","11":"product_tag-tazones","13":"first","14":"instock","15":"sale","16":"shipping-taxable","17":"purchasable","18":"product-type-simple"},"_links":{"self":[{"href":"https:\/\/elpapiro.cl\/tienda\/wp-json\/wp\/v2\/product\/6091","targetHints":{"allow":["GET"]}}],"collection":[{"href":"https:\/\/elpapiro.cl\/tienda\/wp-json\/wp\/v2\/product"}],"about":[{"href":"https:\/\/elpapiro.cl\/tienda\/wp-json\/wp\/v2\/types\/product"}],"version-history":[{"count":0,"href":"https:\/\/elpapiro.cl\/tienda\/wp-json\/wp\/v2\/product\/6091\/revisions"}],"wp:featuredmedia":[{"embeddable":true,"href":"https:\/\/elpapiro.cl\/tienda\/wp-json\/wp\/v2\/media\/6122"}],"wp:attachment":[{"href":"https:\/\/elpapiro.cl\/tienda\/wp-json\/wp\/v2\/media?parent=6091"}],"wp:term":[{"taxonomy":"product_brand","embeddable":true,"href":"https:\/\/elpapiro.cl\/tienda\/wp-json\/wp\/v2\/product_brand?post=6091"},{"taxonomy":"product_cat","embeddable":true,"href":"https:\/\/elpapiro.cl\/tienda\/wp-json\/wp\/v2\/product_cat?post=6091"},{"taxonomy":"product_tag","embeddable":true,"href":"https:\/\/elpapiro.cl\/tienda\/wp-json\/wp\/v2\/product_tag?post=6091"}],"curies":[{"name":"wp","href":"https:\/\/api.w.org\/{rel}","templated":true}]}}