{"id":6095,"date":"2021-03-27T18:18:04","date_gmt":"2021-03-27T18:18:04","guid":{"rendered":"https:\/\/elpapiro.cl\/tienda\/?post_type=product&#038;p=6095"},"modified":"2022-02-02T13:28:14","modified_gmt":"2022-02-02T16:28:14","slug":"pad-mouse","status":"publish","type":"product","link":"https:\/\/elpapiro.cl\/tienda\/product\/pad-mouse\/","title":{"rendered":"Pad Mouse"},"content":{"rendered":"<p>Si est\u00e1 buscando algo \u00fanico, Pad Mouse Sublimados o estampados, personalizado con la foto y el dise\u00f1o que ud. quiera.<br \/>\nEspecial para promocionar su emprendimiento, empresa o programa.<br \/>\nRegalos publicitarios y personalizados.<\/p>\n","protected":false},"excerpt":{"rendered":"<p><img fetchpriority=\"high\" decoding=\"async\" class=\"size-medium wp-image-571 alignleft\" src=\"https:\/\/www.elpapiro.cl\/wp-content\/uploads\/2019\/05\/mouse-pad-300x300.jpg\" alt=\"\" width=\"300\" height=\"300\" \/>Si est\u00e1 buscando algo \u00fanico, Pad Mouse Sublimados o estampados, personalizado con la foto y el dise\u00f1o que ud. quiera.<br \/>\nEspecial para promocionar su emprendimiento, empresa o programa.<br \/>\nRegalos publicitarios y personalizados.<\/p>\n","protected":false},"featured_media":6138,"template":"","meta":{"neve_meta_sidebar":"","neve_meta_container":"","neve_meta_enable_content_width":"","neve_meta_content_width":0,"neve_meta_title_alignment":"","neve_meta_author_avatar":"","neve_post_elements_order":"","neve_meta_disable_header":"","neve_meta_disable_footer":"","neve_meta_disable_title":""},"product_brand":[],"product_cat":[181],"product_tag":[],"class_list":{"0":"post-6095","1":"product","2":"type-product","3":"status-publish","4":"has-post-thumbnail","6":"product_cat-merchandising","8":"first","9":"instock","10":"sale","11":"shipping-taxable","12":"purchasable","13":"product-type-simple"},"_links":{"self":[{"href":"https:\/\/elpapiro.cl\/tienda\/wp-json\/wp\/v2\/product\/6095","targetHints":{"allow":["GET"]}}],"collection":[{"href":"https:\/\/elpapiro.cl\/tienda\/wp-json\/wp\/v2\/product"}],"about":[{"href":"https:\/\/elpapiro.cl\/tienda\/wp-json\/wp\/v2\/types\/product"}],"version-history":[{"count":0,"href":"https:\/\/elpapiro.cl\/tienda\/wp-json\/wp\/v2\/product\/6095\/revisions"}],"wp:featuredmedia":[{"embeddable":true,"href":"https:\/\/elpapiro.cl\/tienda\/wp-json\/wp\/v2\/media\/6138"}],"wp:attachment":[{"href":"https:\/\/elpapiro.cl\/tienda\/wp-json\/wp\/v2\/media?parent=6095"}],"wp:term":[{"taxonomy":"product_brand","embeddable":true,"href":"https:\/\/elpapiro.cl\/tienda\/wp-json\/wp\/v2\/product_brand?post=6095"},{"taxonomy":"product_cat","embeddable":true,"href":"https:\/\/elpapiro.cl\/tienda\/wp-json\/wp\/v2\/product_cat?post=6095"},{"taxonomy":"product_tag","embeddable":true,"href":"https:\/\/elpapiro.cl\/tienda\/wp-json\/wp\/v2\/product_tag?post=6095"}],"curies":[{"name":"wp","href":"https:\/\/api.w.org\/{rel}","templated":true}]}}