{"id":6104,"date":"2021-03-27T18:18:04","date_gmt":"2021-03-27T18:18:04","guid":{"rendered":"https:\/\/elpapiro.cl\/tienda\/?post_type=product&#038;p=6104"},"modified":"2021-03-28T17:56:52","modified_gmt":"2021-03-28T17:56:52","slug":"tazon-de-vidrio-personalizable-11oz","status":"publish","type":"product","link":"https:\/\/elpapiro.cl\/tienda\/product\/tazon-de-vidrio-personalizable-11oz\/","title":{"rendered":"Taz\u00f3n de Vidrio Personalizable 11oz"},"content":{"rendered":"<h1>Taz\u00f3n de Vidrio Personalizable<\/h1>\n<p>Taz\u00f3n de vidrio transparente, Personalizable, especial para un regalo exclusivo.\u00a0Nuestros tazones tiene la superficie extra Lisa, libre de porosidad, permite tener excelentes resultados en la personalizaci\u00f3n del producto.<br \/>\nEste taz\u00f3n ha sido fabricado con los m\u00e1s altos est\u00e1ndares de calidad y recubierto con el mejor pol\u00edmero del mercado, el cual permite la m\u00e1s alta durabilidad de sus im\u00e1genes impresas.<\/p>\n<p>Lo m\u00e1s importante del taz\u00f3n es el dise\u00f1o personalizado que el cliente desea.<\/p>\n<p>Nota: Si desea una plantilla, lo puede seleccionar, si el dise\u00f1o es especial y exclusivo, debe seleccionar el dise\u00f1o personalizado.<\/p>\n","protected":false},"excerpt":{"rendered":"<p>Taz\u00f3n de vidrio transparente, Personalizable, especial para un regalo exclusivo.\u00a0Nuestros tazones tiene la superficie extra Lisa, libre de porosidad, permite tener excelentes resultados en la personalizaci\u00f3n del producto.<br \/>\nEste taz\u00f3n ha sido fabricado con los m\u00e1s altos est\u00e1ndares de calidad y recubierto con el mejor pol\u00edmero del mercado, el cual permite la m\u00e1s alta durabilidad de sus im\u00e1genes impresas.<\/p>\n<p>Lo m\u00e1s importante del taz\u00f3n es el dise\u00f1o personalizado que el cliente desea.<\/p>\n","protected":false},"featured_media":6404,"template":"","meta":{"neve_meta_sidebar":"","neve_meta_container":"","neve_meta_enable_content_width":"","neve_meta_content_width":0,"neve_meta_title_alignment":"","neve_meta_author_avatar":"","neve_post_elements_order":"","neve_meta_disable_header":"","neve_meta_disable_footer":"","neve_meta_disable_title":""},"product_brand":[],"product_cat":[181],"product_tag":[],"class_list":{"0":"post-6104","1":"product","2":"type-product","3":"status-publish","4":"has-post-thumbnail","6":"product_cat-merchandising","8":"first","9":"instock","10":"sale","11":"shipping-taxable","12":"purchasable","13":"product-type-variable"},"_links":{"self":[{"href":"https:\/\/elpapiro.cl\/tienda\/wp-json\/wp\/v2\/product\/6104","targetHints":{"allow":["GET"]}}],"collection":[{"href":"https:\/\/elpapiro.cl\/tienda\/wp-json\/wp\/v2\/product"}],"about":[{"href":"https:\/\/elpapiro.cl\/tienda\/wp-json\/wp\/v2\/types\/product"}],"version-history":[{"count":0,"href":"https:\/\/elpapiro.cl\/tienda\/wp-json\/wp\/v2\/product\/6104\/revisions"}],"wp:featuredmedia":[{"embeddable":true,"href":"https:\/\/elpapiro.cl\/tienda\/wp-json\/wp\/v2\/media\/6404"}],"wp:attachment":[{"href":"https:\/\/elpapiro.cl\/tienda\/wp-json\/wp\/v2\/media?parent=6104"}],"wp:term":[{"taxonomy":"product_brand","embeddable":true,"href":"https:\/\/elpapiro.cl\/tienda\/wp-json\/wp\/v2\/product_brand?post=6104"},{"taxonomy":"product_cat","embeddable":true,"href":"https:\/\/elpapiro.cl\/tienda\/wp-json\/wp\/v2\/product_cat?post=6104"},{"taxonomy":"product_tag","embeddable":true,"href":"https:\/\/elpapiro.cl\/tienda\/wp-json\/wp\/v2\/product_tag?post=6104"}],"curies":[{"name":"wp","href":"https:\/\/api.w.org\/{rel}","templated":true}]}}