{"id":6113,"date":"2021-03-27T18:18:05","date_gmt":"2021-03-27T18:18:05","guid":{"rendered":"https:\/\/elpapiro.cl\/tienda\/?post_type=product&#038;p=6113"},"modified":"2026-03-24T21:13:46","modified_gmt":"2026-03-25T00:13:46","slug":"tazones-termicos-mug","status":"publish","type":"product","link":"https:\/\/elpapiro.cl\/tienda\/product\/tazones-termicos-mug\/","title":{"rendered":"Tazones Termicos MUG"},"content":{"rendered":"<p>Nuestros tazones termicos o MUG tienen la superficie extra Lisa, libre de porosidad, extra blanco, permite tener excelentes resultados en la personalizaci\u00f3n del producto.<br \/>\nEl Taz\u00f3n T\u00e9rmico es un gran taz\u00f3n de alta calidad para poder sublimar o imprimir con el dise\u00f1o que elijas, el cual permite la m\u00e1s alta durabilidad de sus im\u00e1genes impresas.<\/p>\n<p>Lo m\u00e1s importante del taz\u00f3n es el dise\u00f1o personalizado que el cliente desea.<\/p>\n","protected":false},"excerpt":{"rendered":"<p>&nbsp;<\/p>\n<p>Nuestros tazones termicos o MUG tienen la superficie extra Lisa, libre de porosidad, extra blanco, permite tener excelentes resultados en la personalizaci\u00f3n del producto.<br \/>\nEl Taz\u00f3n T\u00e9rmico es un gran taz\u00f3n de alta calidad para poder sublimar o imprimir con el dise\u00f1o que elijas, el cual permite la m\u00e1s alta durabilidad de sus im\u00e1genes impresas.<\/p>\n<p>Lo m\u00e1s importante del taz\u00f3n es el dise\u00f1o personalizado que el cliente desea.<\/p>\n","protected":false},"featured_media":6185,"template":"","meta":{"neve_meta_sidebar":"","neve_meta_container":"","neve_meta_enable_content_width":"off","neve_meta_content_width":100,"neve_meta_title_alignment":"","neve_meta_author_avatar":"","neve_post_elements_order":"","neve_meta_disable_header":"","neve_meta_disable_footer":"","neve_meta_disable_title":""},"product_brand":[],"product_cat":[181],"product_tag":[170,171,172,173,174],"class_list":{"0":"post-6113","1":"product","2":"type-product","3":"status-publish","4":"has-post-thumbnail","6":"product_cat-merchandising","7":"product_tag-cafe","8":"product_tag-merchandising","9":"product_tag-regalo","10":"product_tag-taza","11":"product_tag-tazones","13":"first","14":"outofstock","15":"sale","16":"shipping-taxable","17":"purchasable","18":"product-type-simple"},"_links":{"self":[{"href":"https:\/\/elpapiro.cl\/tienda\/wp-json\/wp\/v2\/product\/6113","targetHints":{"allow":["GET"]}}],"collection":[{"href":"https:\/\/elpapiro.cl\/tienda\/wp-json\/wp\/v2\/product"}],"about":[{"href":"https:\/\/elpapiro.cl\/tienda\/wp-json\/wp\/v2\/types\/product"}],"version-history":[{"count":0,"href":"https:\/\/elpapiro.cl\/tienda\/wp-json\/wp\/v2\/product\/6113\/revisions"}],"wp:featuredmedia":[{"embeddable":true,"href":"https:\/\/elpapiro.cl\/tienda\/wp-json\/wp\/v2\/media\/6185"}],"wp:attachment":[{"href":"https:\/\/elpapiro.cl\/tienda\/wp-json\/wp\/v2\/media?parent=6113"}],"wp:term":[{"taxonomy":"product_brand","embeddable":true,"href":"https:\/\/elpapiro.cl\/tienda\/wp-json\/wp\/v2\/product_brand?post=6113"},{"taxonomy":"product_cat","embeddable":true,"href":"https:\/\/elpapiro.cl\/tienda\/wp-json\/wp\/v2\/product_cat?post=6113"},{"taxonomy":"product_tag","embeddable":true,"href":"https:\/\/elpapiro.cl\/tienda\/wp-json\/wp\/v2\/product_tag?post=6113"}],"curies":[{"name":"wp","href":"https:\/\/api.w.org\/{rel}","templated":true}]}}