{"id":6204,"date":"2021-03-27T18:18:31","date_gmt":"2021-03-27T18:18:31","guid":{"rendered":"https:\/\/elpapiro.cl\/tienda\/?post_type=product&#038;p=6204"},"modified":"2023-03-24T12:49:15","modified_gmt":"2023-03-24T15:49:15","slug":"carpetas-corporativas","status":"publish","type":"product","link":"https:\/\/elpapiro.cl\/tienda\/product\/carpetas-corporativas\/","title":{"rendered":"Carpetas Corporativas"},"content":{"rendered":"<p>Dise\u00f1o e impresi\u00f3n de carpetas tama\u00f1o carta. Siempre es necesario contar con una carpeta corporativa para esos tr\u00e1mites o propuestas especiales.<\/p>\n<p>Impresa a todo color en Couche de 300 gramos, con un dise\u00f1o especializado para tu emprendimiento, empresa o instituci\u00f3n. Somos la propuesta perfecta, <strong>m\u00ednimo 20 unidades<\/strong>.<\/p>\n","protected":false},"excerpt":{"rendered":"<p>Dise\u00f1o e impresi\u00f3n de carpetas tama\u00f1o carta. Siempre es necesario contar con una carpeta corporativa para esos tr\u00e1mites o propuestas especiales.<\/p>\n<p>Impresa a todo color en Couche de 300 gramos, con un dise\u00f1o especializado para tu emprendimiento, empresa o instituci\u00f3n. Somos la propuesta perfecta, <strong>m\u00ednimo 20 unidades.<\/strong><\/p>\n","protected":false},"featured_media":6387,"template":"","meta":{"neve_meta_sidebar":"","neve_meta_container":"","neve_meta_enable_content_width":"off","neve_meta_content_width":100,"neve_meta_title_alignment":"","neve_meta_author_avatar":"","neve_post_elements_order":"","neve_meta_disable_header":"","neve_meta_disable_footer":"","neve_meta_disable_title":""},"product_brand":[],"product_cat":[178],"product_tag":[],"class_list":{"0":"post-6204","1":"product","2":"type-product","3":"status-publish","4":"has-post-thumbnail","6":"product_cat-impresiones","8":"first","9":"instock","10":"sale","11":"shipping-taxable","12":"purchasable","13":"product-type-simple"},"_links":{"self":[{"href":"https:\/\/elpapiro.cl\/tienda\/wp-json\/wp\/v2\/product\/6204","targetHints":{"allow":["GET"]}}],"collection":[{"href":"https:\/\/elpapiro.cl\/tienda\/wp-json\/wp\/v2\/product"}],"about":[{"href":"https:\/\/elpapiro.cl\/tienda\/wp-json\/wp\/v2\/types\/product"}],"version-history":[{"count":0,"href":"https:\/\/elpapiro.cl\/tienda\/wp-json\/wp\/v2\/product\/6204\/revisions"}],"wp:featuredmedia":[{"embeddable":true,"href":"https:\/\/elpapiro.cl\/tienda\/wp-json\/wp\/v2\/media\/6387"}],"wp:attachment":[{"href":"https:\/\/elpapiro.cl\/tienda\/wp-json\/wp\/v2\/media?parent=6204"}],"wp:term":[{"taxonomy":"product_brand","embeddable":true,"href":"https:\/\/elpapiro.cl\/tienda\/wp-json\/wp\/v2\/product_brand?post=6204"},{"taxonomy":"product_cat","embeddable":true,"href":"https:\/\/elpapiro.cl\/tienda\/wp-json\/wp\/v2\/product_cat?post=6204"},{"taxonomy":"product_tag","embeddable":true,"href":"https:\/\/elpapiro.cl\/tienda\/wp-json\/wp\/v2\/product_tag?post=6204"}],"curies":[{"name":"wp","href":"https:\/\/api.w.org\/{rel}","templated":true}]}}