{"id":6593,"date":"2021-08-31T19:34:38","date_gmt":"2021-08-31T19:34:38","guid":{"rendered":"https:\/\/elpapiro.cl\/tienda\/?post_type=product&#038;p=6593"},"modified":"2023-11-27T21:42:01","modified_gmt":"2023-11-28T00:42:01","slug":"plan-seo-basico","status":"publish","type":"product","link":"https:\/\/elpapiro.cl\/tienda\/product\/plan-seo-basico\/","title":{"rendered":"Plan SEO B\u00e1sico mensual"},"content":{"rendered":"<p>El <strong>SEO\u00a0<\/strong>es el arte y la ciencia de persuadir a los motores de b\u00fasqueda como Google, Bing y Yahoo, para que recomienden tu contenido a sus usuarios como la mejor soluci\u00f3n a sus problemas.<\/p>\n<p><strong>Si quieres que los motores de b\u00fasqueda ofrezcan tu contenido en resultados, debes hacemos estas tres cosas para tu web:<\/strong><\/p>\n<ol>\n<li>Hacemos que los motores de b\u00fasqueda entiendan qui\u00e9n eres y qu\u00e9 ofreces.<\/li>\n<li>Les Convencemos de que eres la opci\u00f3n m\u00e1s fiable para sus usuarios.<\/li>\n<li>Hacemos que tu contenido se pueda distribuir.<\/li>\n<\/ol>\n<p>Tu posicionamiento en el ranking y la frecuencia con la que apareces se basa en tus m\u00e9ritos, los motores de b\u00fasqueda mostrar\u00e1n los resultados que consideran m\u00e1s adecuados para sus usuarios. Este plan es b\u00e1sico e incluye un criterio de b\u00fasqueda principal y uno secundario. NO entregamos informes mensuales de gesti\u00f3n. Si desea un plan de SEO a medida, debe cotizar de acuerdo a los objetivos.<\/p>\n","protected":false},"excerpt":{"rendered":"<p>El <strong>SEO\u00a0<\/strong>es el arte y la ciencia de persuadir a los motores de b\u00fasqueda como Google, Bing y Yahoo, para que recomienden tu contenido a sus usuarios como la mejor soluci\u00f3n a sus problemas.<\/p>\n<p>Corresponde al trabajo mensual para que tu sitio se encuentre en los primeros lugares cuando se hace la b\u00fasqueda de los productos o servicios que provee tu empresa.<\/p>\n","protected":false},"featured_media":6594,"template":"","meta":{"neve_meta_sidebar":"","neve_meta_container":"","neve_meta_enable_content_width":"off","neve_meta_content_width":100,"neve_meta_title_alignment":"","neve_meta_author_avatar":"","neve_post_elements_order":"","neve_meta_disable_header":"","neve_meta_disable_footer":"","neve_meta_disable_title":""},"product_brand":[],"product_cat":[283],"product_tag":[],"class_list":{"0":"post-6593","1":"product","2":"type-product","3":"status-publish","4":"has-post-thumbnail","6":"product_cat-seo","8":"first","9":"instock","10":"sale","11":"shipping-taxable","12":"purchasable","13":"product-type-simple"},"_links":{"self":[{"href":"https:\/\/elpapiro.cl\/tienda\/wp-json\/wp\/v2\/product\/6593","targetHints":{"allow":["GET"]}}],"collection":[{"href":"https:\/\/elpapiro.cl\/tienda\/wp-json\/wp\/v2\/product"}],"about":[{"href":"https:\/\/elpapiro.cl\/tienda\/wp-json\/wp\/v2\/types\/product"}],"version-history":[{"count":0,"href":"https:\/\/elpapiro.cl\/tienda\/wp-json\/wp\/v2\/product\/6593\/revisions"}],"wp:featuredmedia":[{"embeddable":true,"href":"https:\/\/elpapiro.cl\/tienda\/wp-json\/wp\/v2\/media\/6594"}],"wp:attachment":[{"href":"https:\/\/elpapiro.cl\/tienda\/wp-json\/wp\/v2\/media?parent=6593"}],"wp:term":[{"taxonomy":"product_brand","embeddable":true,"href":"https:\/\/elpapiro.cl\/tienda\/wp-json\/wp\/v2\/product_brand?post=6593"},{"taxonomy":"product_cat","embeddable":true,"href":"https:\/\/elpapiro.cl\/tienda\/wp-json\/wp\/v2\/product_cat?post=6593"},{"taxonomy":"product_tag","embeddable":true,"href":"https:\/\/elpapiro.cl\/tienda\/wp-json\/wp\/v2\/product_tag?post=6593"}],"curies":[{"name":"wp","href":"https:\/\/api.w.org\/{rel}","templated":true}]}}