{"id":6730,"date":"2022-01-03T00:06:56","date_gmt":"2022-01-03T00:06:56","guid":{"rendered":"https:\/\/elpapiro.cl\/tienda\/?post_type=product&#038;p=6730"},"modified":"2022-09-12T23:25:45","modified_gmt":"2022-09-13T02:25:45","slug":"reels-para-instagram","status":"publish","type":"product","link":"https:\/\/elpapiro.cl\/tienda\/product\/reels-para-instagram\/","title":{"rendered":"Reels para Instagram"},"content":{"rendered":"<p><b>Reels<\/b><br \/>\nUn\u00a0<b>reel<\/b>\u00a0es un peque\u00f1o v\u00eddeo resumen que da un paseo transversal sobre los diferentes\u00a0<b>trabajos de<\/b> un profesional o empresa, animaci\u00f3n o el dise\u00f1o gr\u00e1fico. Es importante porque muestra <b>de<\/b> forma r\u00e1pida, breve y directa las habilidades y competencias del profesional o el producto.<\/p>\n<div class=\"RqBzHd\">\n<ul class=\"i8Z77e\">\n<li class=\"TrT0Xe\">Duraci\u00f3n M\u00e1x 60 segundos.<\/li>\n<\/ul>\n<\/div>\n","protected":false},"excerpt":{"rendered":"<p><b>Reels<\/b><br \/>\nUn\u00a0<b>reel<\/b>\u00a0es un peque\u00f1o v\u00eddeo resumen que da un paseo transversal sobre los diferentes\u00a0<b>trabajos de<\/b> un profesional o empresa, animaci\u00f3n o el dise\u00f1o gr\u00e1fico. Es importante porque muestra <b>de<\/b> forma r\u00e1pida, breve y directa las habilidades y competencias del profesional o el producto.<\/p>\n","protected":false},"featured_media":6725,"template":"","meta":{"neve_meta_sidebar":"","neve_meta_container":"","neve_meta_enable_content_width":"off","neve_meta_content_width":100,"neve_meta_title_alignment":"","neve_meta_author_avatar":"","neve_post_elements_order":"","neve_meta_disable_header":"","neve_meta_disable_footer":"","neve_meta_disable_title":""},"product_brand":[],"product_cat":[225,275],"product_tag":[],"class_list":{"0":"post-6730","1":"product","2":"type-product","3":"status-publish","4":"has-post-thumbnail","6":"product_cat-marketing-digital","7":"product_cat-audiovisual","9":"first","10":"instock","11":"sale","12":"shipping-taxable","13":"purchasable","14":"product-type-simple"},"_links":{"self":[{"href":"https:\/\/elpapiro.cl\/tienda\/wp-json\/wp\/v2\/product\/6730","targetHints":{"allow":["GET"]}}],"collection":[{"href":"https:\/\/elpapiro.cl\/tienda\/wp-json\/wp\/v2\/product"}],"about":[{"href":"https:\/\/elpapiro.cl\/tienda\/wp-json\/wp\/v2\/types\/product"}],"version-history":[{"count":0,"href":"https:\/\/elpapiro.cl\/tienda\/wp-json\/wp\/v2\/product\/6730\/revisions"}],"wp:featuredmedia":[{"embeddable":true,"href":"https:\/\/elpapiro.cl\/tienda\/wp-json\/wp\/v2\/media\/6725"}],"wp:attachment":[{"href":"https:\/\/elpapiro.cl\/tienda\/wp-json\/wp\/v2\/media?parent=6730"}],"wp:term":[{"taxonomy":"product_brand","embeddable":true,"href":"https:\/\/elpapiro.cl\/tienda\/wp-json\/wp\/v2\/product_brand?post=6730"},{"taxonomy":"product_cat","embeddable":true,"href":"https:\/\/elpapiro.cl\/tienda\/wp-json\/wp\/v2\/product_cat?post=6730"},{"taxonomy":"product_tag","embeddable":true,"href":"https:\/\/elpapiro.cl\/tienda\/wp-json\/wp\/v2\/product_tag?post=6730"}],"curies":[{"name":"wp","href":"https:\/\/api.w.org\/{rel}","templated":true}]}}