{"id":7599,"date":"2024-01-26T16:18:24","date_gmt":"2024-01-26T19:18:24","guid":{"rendered":"https:\/\/elpapiro.cl\/tienda\/?post_type=product&#038;p=7599"},"modified":"2024-08-21T01:06:15","modified_gmt":"2024-08-21T05:06:15","slug":"letrero-acrilico-28-x-22-cm-acceso","status":"publish","type":"product","link":"https:\/\/elpapiro.cl\/tienda\/product\/letrero-acrilico-28-x-22-cm-acceso\/","title":{"rendered":"Letrero Acr\u00edlico 28 x 22 cm. Acceso"},"content":{"rendered":"<div class=\"flex flex-grow flex-col max-w-full\">\n<div class=\"min-h-[20px] text-message flex w-full flex-col items-end gap-2 whitespace-pre-wrap break-words [.text-message+&amp;]:mt-5 overflow-x-auto\" dir=\"auto\" data-message-author-role=\"assistant\" data-message-id=\"3b15d95d-83ad-4a73-bb0b-51c8f0e22ebf\">\n<div class=\"flex w-full flex-col gap-1 empty:hidden first:pt-[3px]\">\n<div class=\"markdown prose w-full break-words dark:prose-invert light\">\n<h3>Letrero Acr\u00edlico 28 x 22 cm &#8211; Especial para Accesos<\/h3>\n<p><strong>Letrero Acr\u00edlico 28 x 22 cm &#8211; Se\u00f1alizaci\u00f3n de Acceso<\/strong><\/p>\n<p>En <strong>El Papiro<\/strong>, ofrecemos letreros acr\u00edlicos de alta calidad dise\u00f1ados para mejorar la se\u00f1alizaci\u00f3n y accesibilidad de tu espacio. Nuestro <strong>Letrero Acr\u00edlico de 28 x 22 cm<\/strong> es perfecto para indicar zonas de acceso, proporcionando una soluci\u00f3n duradera y profesional para tus necesidades de se\u00f1alizaci\u00f3n.<\/p>\n<p><strong>Caracter\u00edsticas del Producto:<\/strong><\/p>\n<ul>\n<li><strong>Material de Alta Calidad:<\/strong> Fabricado en acr\u00edlico resistente, garantiza durabilidad y una apariencia pulida.<\/li>\n<li><strong>Tama\u00f1o Ideal:<\/strong> Con dimensiones de 28 x 22 cm, este letrero es visible y legible, asegurando que las indicaciones sean claras para todos.<\/li>\n<li><strong>Dise\u00f1o Profesional:<\/strong> Est\u00e9tica moderna y profesional, ideal para cualquier entorno, ya sea oficinas, tiendas, o \u00e1reas p\u00fablicas.<\/li>\n<li><strong>F\u00e1cil Instalaci\u00f3n:<\/strong> Incluye instrucciones y materiales para una instalaci\u00f3n r\u00e1pida y sencilla en cualquier superficie.<\/li>\n<\/ul>\n<p><strong>Beneficios:<\/strong><\/p>\n<ul>\n<li><strong>Mejora la Accesibilidad:<\/strong> Facilita la orientaci\u00f3n y acceso en tus instalaciones, mejorando la experiencia de visitantes y empleados.<\/li>\n<li><strong>Durabilidad:<\/strong> Resistente a impactos y condiciones ambientales, asegurando una se\u00f1alizaci\u00f3n de larga duraci\u00f3n.<\/li>\n<li><strong>Versatilidad:<\/strong> Perfecto para usar en entradas, pasillos, \u00e1reas restringidas, y m\u00e1s.<\/li>\n<\/ul>\n<p><strong>Aplicaciones Comunes:<\/strong><\/p>\n<ul>\n<li>Oficinas<\/li>\n<li>Tiendas y comercios<\/li>\n<li>Hospitales y cl\u00ednicas<\/li>\n<li>Edificios p\u00fablicos<\/li>\n<\/ul>\n<p>&nbsp;<\/p>\n<p>Visita <a href=\"https:\/\/elpapiro.cl\/tienda\/product\/letrero-acrilico-28-x-22-cm-acceso\/\" target=\"_new\" rel=\"noreferrer noopener\">El Papiro<\/a> para obtener m\u00e1s informaci\u00f3n y adquirir este letrero acr\u00edlico hoy mismo.<\/p>\n<\/div>\n<\/div>\n<\/div>\n<\/div>\n<p>Letrero Acr\u00edlico 28&#215;22 cm. Incluye Distanciadores.<br \/>\nDise\u00f1o personalizado, Full Color. (llegar e instalar)<\/p>\n","protected":false},"excerpt":{"rendered":"<p><strong>Letrero Acr\u00edlico 28 x 22 cm &#8211; Se\u00f1alizaci\u00f3n de Acceso<\/strong><\/p>\n<p>En <strong>El Papiro<\/strong>, ofrecemos letreros acr\u00edlicos de alta calidad dise\u00f1ados para mejorar la se\u00f1alizaci\u00f3n y accesibilidad de tu espacio. Nuestro <strong>Letrero Acr\u00edlico de 28 x 22 cm<\/strong> es perfecto para indicar zonas de acceso, proporcionando una soluci\u00f3n duradera y profesional para tus necesidades de se\u00f1alizaci\u00f3n.<\/p>\n<p>&nbsp;<\/p>\n<p>Letrero Acr\u00edlico 28&#215;22 cm. Incluye Distanciadores.<br \/>\nDise\u00f1o personalizado, Full Color. (llegar e instalar)<\/p>\n","protected":false},"featured_media":7600,"template":"","meta":{"neve_meta_sidebar":"","neve_meta_container":"","neve_meta_enable_content_width":"off","neve_meta_content_width":100,"neve_meta_title_alignment":"","neve_meta_author_avatar":"","neve_post_elements_order":"","neve_meta_disable_header":"","neve_meta_disable_footer":"","neve_meta_disable_title":""},"product_brand":[],"product_cat":[294,163],"product_tag":[],"class_list":{"0":"post-7599","1":"product","2":"type-product","3":"status-publish","4":"has-post-thumbnail","6":"product_cat-letreros","7":"product_cat-otros","9":"first","10":"instock","11":"sale","12":"shipping-taxable","13":"purchasable","14":"product-type-simple"},"_links":{"self":[{"href":"https:\/\/elpapiro.cl\/tienda\/wp-json\/wp\/v2\/product\/7599","targetHints":{"allow":["GET"]}}],"collection":[{"href":"https:\/\/elpapiro.cl\/tienda\/wp-json\/wp\/v2\/product"}],"about":[{"href":"https:\/\/elpapiro.cl\/tienda\/wp-json\/wp\/v2\/types\/product"}],"version-history":[{"count":0,"href":"https:\/\/elpapiro.cl\/tienda\/wp-json\/wp\/v2\/product\/7599\/revisions"}],"wp:featuredmedia":[{"embeddable":true,"href":"https:\/\/elpapiro.cl\/tienda\/wp-json\/wp\/v2\/media\/7600"}],"wp:attachment":[{"href":"https:\/\/elpapiro.cl\/tienda\/wp-json\/wp\/v2\/media?parent=7599"}],"wp:term":[{"taxonomy":"product_brand","embeddable":true,"href":"https:\/\/elpapiro.cl\/tienda\/wp-json\/wp\/v2\/product_brand?post=7599"},{"taxonomy":"product_cat","embeddable":true,"href":"https:\/\/elpapiro.cl\/tienda\/wp-json\/wp\/v2\/product_cat?post=7599"},{"taxonomy":"product_tag","embeddable":true,"href":"https:\/\/elpapiro.cl\/tienda\/wp-json\/wp\/v2\/product_tag?post=7599"}],"curies":[{"name":"wp","href":"https:\/\/api.w.org\/{rel}","templated":true}]}}