{"id":7602,"date":"2024-01-26T16:22:51","date_gmt":"2024-01-26T19:22:51","guid":{"rendered":"https:\/\/elpapiro.cl\/tienda\/?post_type=product&#038;p=7602"},"modified":"2025-10-20T11:01:02","modified_gmt":"2025-10-20T14:01:02","slug":"empavonado-oficina","status":"publish","type":"product","link":"https:\/\/elpapiro.cl\/tienda\/product\/empavonado-oficina\/","title":{"rendered":"Empavonado de Oficina para Mayor Privacidad y Estilo"},"content":{"rendered":"<p><strong>Empavonado de Oficina para Mayor Privacidad y Estilo<\/strong><\/p>\n<p>Transforma tu espacio de trabajo con nuestro <strong>servicio de empavonado de oficina<\/strong>. Ideal para mejorar la <strong>privacidad en oficinas<\/strong> y agregar un toque de elegancia, nuestros <strong>vinilos decorativos<\/strong> est\u00e1n dise\u00f1ados para adaptarse a cualquier estilo de decoraci\u00f3n. Instalaci\u00f3n profesional, r\u00e1pida y sin complicaciones.<\/p>\n<p><strong>Beneficios:<\/strong><\/p>\n<ul>\n<li><strong>Privacidad:<\/strong> Aumenta la privacidad sin perder luz natural.<\/li>\n<li><strong>Est\u00e9tica:<\/strong> Dise\u00f1os personalizados que mejoran el aspecto de cualquier oficina.<\/li>\n<li><strong>Durabilidad:<\/strong> Materiales de alta calidad para una mayor durabilidad.<\/li>\n<\/ul>\n<p><strong>Aplicaciones Comunes:<\/strong><\/p>\n<ul>\n<li>Divisiones de oficinas<\/li>\n<li>Ventanas y puertas de salas de reuniones<\/li>\n<li>\u00c1reas de recepci\u00f3n<\/li>\n<\/ul>\n<p>Visita <a href=\"https:\/\/elpapiro.cl\/tienda\/product\/empavonado-oficina\/\" target=\"_new\" rel=\"noreferrer noopener\">El Papiro<\/a> para m\u00e1s informaci\u00f3n y cotiza tu proyecto hoy mismo.<br \/>\nEl valor es referencial, pues depende de la superficie (m2) a instalar.<\/p>\n","protected":false},"excerpt":{"rendered":"<p><strong>Empavonado de Oficina para Mayor Privacidad y Estilo<\/strong><\/p>\n<p>Transforma tu espacio de trabajo con nuestro <strong>servicio de empavonado de oficina<\/strong>. Ideal para mejorar la <strong>privacidad en oficinas<\/strong> y agregar un toque de elegancia, nuestros <strong>vinilos decorativos<\/strong> est\u00e1n dise\u00f1ados para adaptarse a cualquier estilo de decoraci\u00f3n. Instalaci\u00f3n profesional, r\u00e1pida y sin complicaciones.<\/p>\n<p><strong>Beneficios:<\/strong><\/p>\n<ul>\n<li><strong>Privacidad:<\/strong> Aumenta la privacidad sin perder luz natural.<\/li>\n<li><strong>Est\u00e9tica:<\/strong> Dise\u00f1os personalizados que mejoran el aspecto de cualquier oficina.<\/li>\n<li><strong>Durabilidad:<\/strong> Materiales de alta calidad para una mayor durabilidad.<\/li>\n<\/ul>\n<p><strong>Aplicaciones Comunes:<\/strong><\/p>\n<ul>\n<li>Divisiones de oficinas<\/li>\n<li>Ventanas y puertas de salas de reuniones<\/li>\n<li>\u00c1reas de recepci\u00f3n<\/li>\n<\/ul>\n<p>Visita <a href=\"https:\/\/elpapiro.cl\/tienda\/product\/empavonado-oficina\/\" target=\"_new\" rel=\"noreferrer noopener\">El Papiro<\/a> para m\u00e1s informaci\u00f3n y cotiza tu proyecto hoy mismo.<br \/>\nEl valor es referencial, pues depende de la superficie (m2) a instalar.<\/p>\n","protected":false},"featured_media":7603,"template":"","meta":{"neve_meta_sidebar":"","neve_meta_container":"","neve_meta_enable_content_width":"off","neve_meta_content_width":100,"neve_meta_title_alignment":"","neve_meta_author_avatar":"","neve_post_elements_order":"","neve_meta_disable_header":"","neve_meta_disable_footer":"","neve_meta_disable_title":""},"product_brand":[],"product_cat":[178],"product_tag":[],"class_list":{"0":"post-7602","1":"product","2":"type-product","3":"status-publish","4":"has-post-thumbnail","6":"product_cat-impresiones","8":"first","9":"instock","10":"sale","11":"shipping-taxable","12":"purchasable","13":"product-type-simple"},"_links":{"self":[{"href":"https:\/\/elpapiro.cl\/tienda\/wp-json\/wp\/v2\/product\/7602","targetHints":{"allow":["GET"]}}],"collection":[{"href":"https:\/\/elpapiro.cl\/tienda\/wp-json\/wp\/v2\/product"}],"about":[{"href":"https:\/\/elpapiro.cl\/tienda\/wp-json\/wp\/v2\/types\/product"}],"version-history":[{"count":0,"href":"https:\/\/elpapiro.cl\/tienda\/wp-json\/wp\/v2\/product\/7602\/revisions"}],"wp:featuredmedia":[{"embeddable":true,"href":"https:\/\/elpapiro.cl\/tienda\/wp-json\/wp\/v2\/media\/7603"}],"wp:attachment":[{"href":"https:\/\/elpapiro.cl\/tienda\/wp-json\/wp\/v2\/media?parent=7602"}],"wp:term":[{"taxonomy":"product_brand","embeddable":true,"href":"https:\/\/elpapiro.cl\/tienda\/wp-json\/wp\/v2\/product_brand?post=7602"},{"taxonomy":"product_cat","embeddable":true,"href":"https:\/\/elpapiro.cl\/tienda\/wp-json\/wp\/v2\/product_cat?post=7602"},{"taxonomy":"product_tag","embeddable":true,"href":"https:\/\/elpapiro.cl\/tienda\/wp-json\/wp\/v2\/product_tag?post=7602"}],"curies":[{"name":"wp","href":"https:\/\/api.w.org\/{rel}","templated":true}]}}